{"id":1138,"date":"2022-12-01T23:03:20","date_gmt":"2022-12-01T23:03:20","guid":{"rendered":"https:\/\/simoncoulange.com\/?page_id=1138"},"modified":"2025-11-17T01:17:52","modified_gmt":"2025-11-17T01:17:52","slug":"infos","status":"publish","type":"page","link":"https:\/\/simoncoulange.com\/?page_id=1138","title":{"rendered":"infos"},"content":{"rendered":"\t\t<div data-elementor-type=\"wp-page\" data-elementor-id=\"1138\" class=\"elementor elementor-1138\">\n\t\t\t\t<div class=\"elementor-element elementor-element-e87d200 e-flex e-con-boxed e-con e-parent\" data-id=\"e87d200\" data-element_type=\"container\">\n\t\t\t\t\t<div class=\"e-con-inner\">\n\t\t<div class=\"elementor-element elementor-element-8959697 e-con-full e-flex e-con e-child\" data-id=\"8959697\" data-element_type=\"container\">\n\t\t\t\t<div class=\"elementor-element elementor-element-fa8a7a1 elementor-widget elementor-widget-image\" data-id=\"fa8a7a1\" data-element_type=\"widget\" data-widget_type=\"image.default\">\n\t\t\t\t<div class=\"elementor-widget-container\">\n\t\t\t\t\t\t\t\t\t\t\t\t\t\t\t<img fetchpriority=\"high\" decoding=\"async\" width=\"1023\" height=\"1067\" src=\"https:\/\/simoncoulange.com\/wp-content\/uploads\/2022\/12\/PHOTO_ID_2022-e1669935981692.jpeg\" class=\"attachment-full size-full wp-image-1144\" alt=\"\" srcset=\"https:\/\/simoncoulange.com\/wp-content\/uploads\/2022\/12\/PHOTO_ID_2022-e1669935981692.jpeg 1023w, https:\/\/simoncoulange.com\/wp-content\/uploads\/2022\/12\/PHOTO_ID_2022-e1669935981692-288x300.jpeg 288w, https:\/\/simoncoulange.com\/wp-content\/uploads\/2022\/12\/PHOTO_ID_2022-e1669935981692-982x1024.jpeg 982w, https:\/\/simoncoulange.com\/wp-content\/uploads\/2022\/12\/PHOTO_ID_2022-e1669935981692-768x801.jpeg 768w\" sizes=\"(max-width: 1023px) 100vw, 1023px\" \/>\t\t\t\t\t\t\t\t\t\t\t\t\t\t\t<\/div>\n\t\t\t\t<\/div>\n\t\t\t\t<\/div>\n\t\t<div class=\"elementor-element elementor-element-478e5c4 e-con-full e-flex e-con e-child\" data-id=\"478e5c4\" data-element_type=\"container\">\n\t\t<div class=\"elementor-element elementor-element-7743e77 e-con-full e-flex e-con e-child\" data-id=\"7743e77\" data-element_type=\"container\">\n\t\t\t\t<div class=\"elementor-element elementor-element-098cdc1 elementor-widget elementor-widget-text-editor\" data-id=\"098cdc1\" data-element_type=\"widget\" data-widget_type=\"text-editor.default\">\n\t\t\t\t<div class=\"elementor-widget-container\">\n\t\t\t\t\t\t\t\t\t<p>a deux masters :<\/p><ul><li>Recherche en cin\u00e9ma et audiovisuel (Roma Tre\/Rennes II)\u00a0\u00a0\u00a0<\/li><li>Textes et cr\u00e9ation litt\u00e9raire (La Cambre, Bruxelles).<\/li><\/ul><p>pr\u00e9pare un roman ainsi qu&rsquo;un essai sur Tonino Guerra et le cin\u00e9ma pour les \u00e9ditions Quidam.<\/p><p>s&rsquo;efforce de passer Force 4 en mots-fl\u00e9ch\u00e9s.<\/p>\t\t\t\t\t\t\t\t<\/div>\n\t\t\t\t<\/div>\n\t\t\t\t<\/div>\n\t\t<div class=\"elementor-element elementor-element-10885e4 e-con-full e-flex e-con e-child\" data-id=\"10885e4\" data-element_type=\"container\">\n\t\t\t\t<div class=\"elementor-element elementor-element-2a21d5c elementor-shape-square e-grid-align-left e-grid-align-mobile-right elementor-widget__width-inherit elementor-grid-0 elementor-widget elementor-widget-social-icons\" data-id=\"2a21d5c\" data-element_type=\"widget\" data-widget_type=\"social-icons.default\">\n\t\t\t\t<div class=\"elementor-widget-container\">\n\t\t\t\t\t\t\t<div class=\"elementor-social-icons-wrapper elementor-grid\" role=\"list\">\n\t\t\t\t\t\t\t<span class=\"elementor-grid-item\" role=\"listitem\">\n\t\t\t\t\t<a class=\"elementor-icon elementor-social-icon elementor-social-icon-linkedin elementor-animation-bob elementor-repeater-item-a2788de\" href=\"https:\/\/www.linkedin.com\/in\/simon-coulange-720174202\/\" target=\"_blank\">\n\t\t\t\t\t\t<span class=\"elementor-screen-only\">Linkedin<\/span>\n\t\t\t\t\t\t<i aria-hidden=\"true\" class=\"fab fa-linkedin\"><\/i>\t\t\t\t\t<\/a>\n\t\t\t\t<\/span>\n\t\t\t\t\t\t\t<span class=\"elementor-grid-item\" role=\"listitem\">\n\t\t\t\t\t<a class=\"elementor-icon elementor-social-icon elementor-social-icon-envelope elementor-animation-bob elementor-repeater-item-609f4ad\" href=\"mailto:simoncoulange.cr@gmail.com\" target=\"_blank\">\n\t\t\t\t\t\t<span class=\"elementor-screen-only\">Envelope<\/span>\n\t\t\t\t\t\t<i aria-hidden=\"true\" class=\"fas fa-envelope\"><\/i>\t\t\t\t\t<\/a>\n\t\t\t\t<\/span>\n\t\t\t\t\t<\/div>\n\t\t\t\t\t\t<\/div>\n\t\t\t\t<\/div>\n\t\t\t\t<\/div>\n\t\t\t\t<\/div>\n\t\t\t\t\t<\/div>\n\t\t\t\t<\/div>\n\t\t\t\t<section class=\"elementor-section elementor-top-section elementor-element elementor-element-b847e88 elementor-section-boxed elementor-section-height-default elementor-section-height-default\" data-id=\"b847e88\" data-element_type=\"section\">\n\t\t\t\t\t\t<div class=\"elementor-container elementor-column-gap-default\">\n\t\t\t\t\t<div class=\"elementor-column elementor-col-100 elementor-top-column elementor-element elementor-element-0343eeb\" data-id=\"0343eeb\" data-element_type=\"column\">\n\t\t\t<div class=\"elementor-widget-wrap\">\n\t\t\t\t\t\t\t<\/div>\n\t\t<\/div>\n\t\t\t\t\t<\/div>\n\t\t<\/section>\n\t\t\t\t<section class=\"elementor-section elementor-top-section elementor-element elementor-element-fd6639e elementor-section-boxed elementor-section-height-default elementor-section-height-default\" data-id=\"fd6639e\" data-element_type=\"section\">\n\t\t\t\t\t\t<div class=\"elementor-container elementor-column-gap-default\">\n\t\t\t\t\t<div class=\"elementor-column elementor-col-100 elementor-top-column elementor-element elementor-element-c6eb5bf\" data-id=\"c6eb5bf\" data-element_type=\"column\">\n\t\t\t<div class=\"elementor-widget-wrap elementor-element-populated\">\n\t\t\t\t\t\t<div class=\"elementor-element elementor-element-437297c elementor-widget elementor-widget-spacer\" data-id=\"437297c\" data-element_type=\"widget\" data-widget_type=\"spacer.default\">\n\t\t\t\t<div class=\"elementor-widget-container\">\n\t\t\t\t\t\t\t<div class=\"elementor-spacer\">\n\t\t\t<div class=\"elementor-spacer-inner\"><\/div>\n\t\t<\/div>\n\t\t\t\t\t\t<\/div>\n\t\t\t\t<\/div>\n\t\t\t\t\t<\/div>\n\t\t<\/div>\n\t\t\t\t\t<\/div>\n\t\t<\/section>\n\t\t\t\t<\/div>\n\t\t","protected":false},"excerpt":{"rendered":"<p>a deux masters : Recherche en cin\u00e9ma et audiovisuel (Roma Tre\/Rennes II)\u00a0\u00a0\u00a0 Textes et cr\u00e9ation litt\u00e9raire (La Cambre, Bruxelles). pr\u00e9pare un roman ainsi qu&rsquo;un essai sur Tonino Guerra et le cin\u00e9ma pour les \u00e9ditions Quidam. s&rsquo;efforce de passer Force 4 en mots-fl\u00e9ch\u00e9s. Linkedin Envelope<\/p>\n","protected":false},"author":1,"featured_media":0,"parent":0,"menu_order":0,"comment_status":"closed","ping_status":"closed","template":"elementor_header_footer","meta":{"om_disable_all_campaigns":false,"_monsterinsights_skip_tracking":false,"_monsterinsights_sitenote_active":false,"_monsterinsights_sitenote_note":"","_monsterinsights_sitenote_category":0,"_themeisle_gutenberg_block_has_review":false,"footnotes":""},"class_list":["post-1138","page","type-page","status-publish","hentry"],"aioseo_notices":[],"_links":{"self":[{"href":"https:\/\/simoncoulange.com\/index.php?rest_route=\/wp\/v2\/pages\/1138","targetHints":{"allow":["GET"]}}],"collection":[{"href":"https:\/\/simoncoulange.com\/index.php?rest_route=\/wp\/v2\/pages"}],"about":[{"href":"https:\/\/simoncoulange.com\/index.php?rest_route=\/wp\/v2\/types\/page"}],"author":[{"embeddable":true,"href":"https:\/\/simoncoulange.com\/index.php?rest_route=\/wp\/v2\/users\/1"}],"replies":[{"embeddable":true,"href":"https:\/\/simoncoulange.com\/index.php?rest_route=%2Fwp%2Fv2%2Fcomments&post=1138"}],"version-history":[{"count":285,"href":"https:\/\/simoncoulange.com\/index.php?rest_route=\/wp\/v2\/pages\/1138\/revisions"}],"predecessor-version":[{"id":4504,"href":"https:\/\/simoncoulange.com\/index.php?rest_route=\/wp\/v2\/pages\/1138\/revisions\/4504"}],"wp:attachment":[{"href":"https:\/\/simoncoulange.com\/index.php?rest_route=%2Fwp%2Fv2%2Fmedia&parent=1138"}],"curies":[{"name":"wp","href":"https:\/\/api.w.org\/{rel}","templated":true}]}}